{"id":17,"date":"2020-06-20T11:56:46","date_gmt":"2020-06-20T11:56:46","guid":{"rendered":"http:\/\/sinafotografiert.webseiten-guetesiegel.ch\/?page_id=17"},"modified":"2021-01-19T08:16:00","modified_gmt":"2021-01-19T08:16:00","slug":"datenschutzerklaerung","status":"publish","type":"page","link":"https:\/\/sina-weddings.com\/en\/datenschutzerklaerung\/","title":{"rendered":"privacy policy"},"content":{"rendered":"<div class=\"fusion-fullwidth fullwidth-box fusion-builder-row-1 fusion-flex-container nonhundred-percent-fullwidth non-hundred-percent-height-scrolling\" style=\"--awb-border-radius-top-left:0px;--awb-border-radius-top-right:0px;--awb-border-radius-bottom-right:0px;--awb-border-radius-bottom-left:0px;--awb-padding-top:60px;--awb-background-color:#ffffff;--awb-flex-wrap:wrap;\" ><div class=\"fusion-builder-row fusion-row fusion-flex-align-items-flex-start fusion-flex-content-wrap\" style=\"max-width:1216.8px;margin-left: calc(-4% \/ 2 );margin-right: calc(-4% \/ 2 );\"><div class=\"fusion-layout-column fusion_builder_column fusion-builder-column-0 fusion_builder_column_1_1 1_1 fusion-flex-column\" style=\"--awb-bg-size:cover;--awb-width-large:100%;--awb-margin-top-large:0px;--awb-spacing-right-large:1.92%;--awb-margin-bottom-large:50px;--awb-spacing-left-large:1.92%;--awb-width-medium:100%;--awb-order-medium:0;--awb-spacing-right-medium:1.92%;--awb-spacing-left-medium:1.92%;--awb-width-small:100%;--awb-order-small:0;--awb-spacing-right-small:1.92%;--awb-spacing-left-small:1.92%;\"><div class=\"fusion-column-wrapper fusion-column-has-shadow fusion-flex-justify-content-flex-start fusion-content-layout-column\"><div class=\"fusion-title title fusion-title-1 fusion-title-text fusion-title-size-one\" style=\"--awb-font-size:56px;\"><div class=\"title-sep-container title-sep-container-left fusion-no-large-visibility fusion-no-medium-visibility fusion-no-small-visibility\"><div class=\"title-sep sep-single sep-solid\" style=\"border-color:rgba(255,255,255,.2);\"><\/div><\/div><span class=\"awb-title-spacer fusion-no-large-visibility fusion-no-medium-visibility fusion-no-small-visibility\"><\/span><h1 class=\"fusion-title-heading title-heading-left fusion-responsive-typography-calculated\" style=\"margin:0;font-size:1em;--fontSize:56;line-height:1.75;\">privacy policy<\/h1><span class=\"awb-title-spacer\"><\/span><div class=\"title-sep-container title-sep-container-right\"><div class=\"title-sep sep-single sep-solid\" style=\"border-color:rgba(255,255,255,.2);\"><\/div><\/div><\/div><div class=\"fusion-text fusion-text-1\" style=\"--awb-line-height:160%;\"><p><span style=\"font-weight: 400;\">Gest\u00fctzt auf Artikel 13 der schweizerischen Bundesverfassung und die datenschutzrechtlichen Bestimmungen des Bundes (Datenschutzgesetz, DSG) hat jede Person Anspruch auf Schutz ihrer Privatsph\u00e4re sowie auf Schutz vor Missbrauch ihrer pers\u00f6nlichen Daten. Wir halten diese Bestimmungen strikt ein. Pers\u00f6nliche Daten werden streng vertraulich behandelt und weder an Dritte verkauft noch weitergegeben.<\/span><\/p>\n<p><span style=\"font-weight: 400;\">In enger Zusammenarbeit mit unserem Hosting-Provider bem\u00fchen wir uns, die Datenbanken so gut wie m\u00f6glich vor fremden Zugriffen, Verlusten, Missbrauch oder vor F\u00e4lschung zu sch\u00fctzen. Beim Zugriff auf unsere Webseiten werden folgende Daten in Logfiles gespeichert: IP-Adresse, Datum, Uhrzeit, Browser-Anfrage und allg. \u00fcbertragene Informationen zum Betriebssystem resp. Browser. Diese Nutzungsdaten bilden die Basis f\u00fcr statistische, anonyme Auswertungen, so dass Trends erkennbar sind, anhand derer wir unsere Angebote entsprechend verbessern k\u00f6nnen.<\/span><\/p>\n<p><b>Wer sind wir?<\/b><\/p>\n<p><span style=\"font-weight: 400;\">Verantwortliche Stelle im Sinne der Datenschutzgesetze, insbesondere der EU-Datenschutzgrundverordnung (DSGVO), lautet:<\/span><\/p>\n<p>Sina Oberender<\/p>\n<p>Mayener Str. 3<br \/>56070 Koblenz<br \/>Deutschland<\/p>\n<p><span style=\"font-weight: 400;\">E-Mail: info@sinafotografiert.de<\/span><\/p>\n<p><span style=\"font-weight: 400;\">Webseite:<a href=\"https:\/\/sina-weddings.com\/en\/\"> https:\/\/sina-weddings.com\/<\/a><\/span><\/p>\n<p><b>Welche personenbezogenen Daten wir sammeln und warum wir sie sammeln<\/b><\/p>\n<p><span style=\"font-weight: 400;\">Wenn Sie auf diese Webseite zugreifen werden automatisch Informationen allgemeiner Natur erfasst. Diese Informationen werden im Server-Logfile erfasst und beinhalten die Art des Webbrowsers, das verwendete Betriebssystem, den Domainnamen Ihres Internet-Service-Providers, Ihre IP-Adresse und \u00e4hnliches.<\/span><\/p>\n<p><span style=\"font-weight: 400;\">Dies aus folgendem Grund:<\/span><\/p>\n<p><span style=\"font-weight: 400;\">&#8211; Sicherstellung eines problemlosen Verbindungsaufbaus der Website<\/span><\/p>\n<p><span style=\"font-weight: 400;\">&#8211; Sicherstellung einer reibungslosen Nutzung unserer Website<\/span><\/p>\n<p><span style=\"font-weight: 400;\">&#8211; Auswertung der Systemsicherheit und -stabilit\u00e4t sowie<\/span><\/p>\n<p><span style=\"font-weight: 400;\">&#8211; zu weiteren administrativen Zwecken<\/span><\/p>\n<p><span style=\"font-weight: 400;\">Ihre Daten werden nicht verwendet, um R\u00fcckschl\u00fcsse auf Ihre Person zu ziehen. Informationen dieser Art werden lediglich statistisch ausgewertet, um unseren Internetauftritt und die dahinterstehende Technik zu optimieren.<\/span><\/p>\n<p><b>Speicherdauer<\/b><\/p>\n<p><span style=\"font-weight: 400;\">Die Daten werden gel\u00f6scht, sobald diese f\u00fcr den Zweck der Erhebung nicht mehr erforderlich sind. Dies ist f\u00fcr die Daten, die der Bereitstellung der Webseite dienen, grunds\u00e4tzlich der Fall, wenn die jeweilige Sitzung beendet ist.<\/span><\/p>\n<p><b>Datenschutzerkl\u00e4rung f\u00fcr Kommentare<\/b><\/p>\n<p><span style=\"font-weight: 400;\">Wenn Besucher Kommentare auf der Website schreiben, sammeln wir die Daten, die im Kommentar-Formular angezeigt werden, ausserdem die IP-Adresse des Besuchers und den User-Agent-String (damit wird der Browser identifiziert), um die Erkennung von Spam zu unterst\u00fctzen.<\/span><\/p>\n<p><b>Datenschutzerkl\u00e4rung f\u00fcr die Verwendung von Kontaktformularen<\/b><\/p>\n<p><span style=\"font-weight: 400;\">Daten werden dabei nur streng zweckgebunden zur Bearbeitung und Beantwortung von Anfragen benutzt. Mit dem Absenden des Kontaktformulars erkl\u00e4rt sich die betroffene Person mit der Verarbeitung einverstanden. Nach Abschluss der Bearbeitung der Anfrage der betroffenen Person werden die erhobenen Daten gel\u00f6scht, insofern diese nicht f\u00fcr die weitere Bearbeitung der Anfrage oder eines daraufhin entstandenen Auftrags weiter ben\u00f6tigt werden.\u00a0\u00a0\u00a0\u00a0\u00a0\u00a0\u00a0<\/span><\/p>\n<p><b>Datenschutzerkl\u00e4rung f\u00fcr die Verwendung von Scriptbibliotheken<\/b><\/p>\n<p><span style=\"font-weight: 400;\">Um unsere Inhalte browser\u00fcbergreifend korrekt und grafisch ansprechend darzustellen, verwenden wir auf dieser Website \u201eGoogle Web Fonts\u201c der Google LLC (1600 Amphitheatre Parkway, Mountain View, CA 94043, USA; nachfolgend \u201eGoogle\u201c) zur Darstellung von Schriften.<\/span><\/p>\n<p><span style=\"font-weight: 400;\">Die Datenschutzrichtlinie des Bibliothekbetreibers Google finden Sie hier: https:\/\/www.google.com\/policies\/privacy\/<\/span><\/p>\n<p><b>Datenschutzerkl\u00e4rung f\u00fcr die Verwendung von Google Maps<\/b><\/p>\n<p><span style=\"font-weight: 400;\">Auf dieser Webseite nutzen wir das Angebot von Google Maps. Google Maps wird von Google LLC, 1600 Amphitheatre Parkway, Mountain View, CA 94043, USA (nachfolgend \u201eGoogle\u201c) betrieben. Dadurch k\u00f6nnen wir Ihnen interaktive Karten direkt in der Webseite anzeigen und erm\u00f6glichen Ihnen die komfortable Nutzung der Karten-Funktion.<\/span><\/p>\n<p><span style=\"font-weight: 400;\">N\u00e4here Informationen \u00fcber die Datenverarbeitung durch Google k\u00f6nnen Sie den Google-Datenschutzhinweisen entnehmen. Dort k\u00f6nnen Sie im Datenschutzcenter auch Ihre pers\u00f6nlichen Datenschutz-Einstellungen ver\u00e4ndern.<\/span><\/p>\n<p><b>Datenschutzerkl\u00e4rung f\u00fcr eingebettete YouTube-Videos<\/b><\/p>\n<p><span style=\"font-weight: 400;\">Auf einigen unserer Webseiten betten wir YouTube-Videos ein. Betreiber der entsprechenden Plugins ist die YouTube, LLC, 901 Cherry Ave., San Bruno, CA 94066, USA (nachfolgend \u201eYouTube\u201c). Wenn Sie eine Seite mit dem YouTube-Plugin besuchen, wird eine Verbindung zu Servern von YouTube hergestellt. Dabei wird YouTube mitgeteilt, welche Seiten Sie besuchen. Wenn Sie in Ihrem YouTube-Account eingeloggt sind, kann YouTube Ihr Surfverhalten Ihnen pers\u00f6nlich zuzuordnen. Dies verhindern Sie, indem Sie sich vorher aus Ihrem YouTube-Account ausloggen.<\/span><\/p>\n<p><span style=\"font-weight: 400;\">Wird ein YouTube-Video gestartet, setzt der Anbieter Cookies ein, die Hinweise \u00fcber das Nutzerverhalten sammeln.<\/span><\/p>\n<p><b>Datenschutzerkl\u00e4rung f\u00fcr die Nutzung von Google Analytics<\/b><\/p>\n<p><span style=\"font-weight: 400;\">Diese Website benutzt Google Analytics, einen Webanalysedienst der Google Inc. (&#8222;Google&#8220;), <\/span><span style=\"font-weight: 400;\">mit der Erweiterung \u201e_anonymizeIp()\u201c. Dabei werden IP-Adressen gek\u00fcrzt weiterverarbeitet, eine Personenbeziehbarkeit kann damit ausgeschlossen werden. Soweit den \u00fcber Sie erhobenen Daten ein Personenbezug zukommt, wird dieser also sofort ausgeschlossen und die personenbezogenen Daten werden damit umgehend gel\u00f6scht.<\/span><\/p>\n<p><span style=\"font-weight: 400;\">Google Analytics verwendet sog. &#8222;Cookies&#8220;, Textdateien, die auf Ihrem Computer gespeichert werden und die eine Analyse der Benutzung der Website durch Sie erm\u00f6glichen. Die durch den Cookie erzeugten Informationen \u00fcber Ihre Benutzung dieser Website werden in der Regel an einen Server von Google in den USA \u00fcbertragen und dort gespeichert. Durch die Aktivierung der IP-Anonymisierung auf dieser Webseite wird Ihre IP-Adresse von Google jedoch zuvor gek\u00fcrzt und ist nicht mehr zuweisbar. Nur in Ausnahmef\u00e4llen wird die volle IP-Adresse an einen Server von Google in den USA \u00fcbertragen, dort aber dann gek\u00fcrzt. Google wird diese Informationen benutzen, um Ihre Nutzung der Website auszuwerten, um Reports \u00fcber die Webseitenaktivit\u00e4ten f\u00fcr die Webseitenbetreiber zusammenzustellen und um weitere mit der Websitenutzung und der Internetnutzung verbundene Dienstleistungen zu erbringen. Auch wird Google diese Informationen gegebenenfalls an Dritte \u00fcbertragen, sofern dies gesetzlich vorgeschrieben oder soweit Dritte diese Daten im Auftrag von Google verarbeiten. Die im Rahmen von Google Analytics von Ihrem Browser \u00fcbermittelte IP-Adresse wird nicht mit anderen Daten von Google zusammengef\u00fchrt. Sie k\u00f6nnen die Installation der Cookies durch eine entsprechende Einstellung Ihrer Browser Software verhindern; wir weisen Sie jedoch darauf hin, dass Sie in diesem Fall gegebenenfalls nicht s\u00e4mtliche Funktionen dieser Website voll umf\u00e4nglich nutzen k\u00f6nnen. Durch die Nutzung dieser Website erkl\u00e4ren Sie sich mit der Bearbeitung der \u00fcber Sie erhobenen Daten durch Google in der zuvor beschriebenen Art und Weise und zu dem zuvor benannten Zweck einverstanden.<\/span><\/p>\n<p><b>Welche Rechte Sie an Ihren Daten haben<\/b><\/p>\n<p><span style=\"font-weight: 400;\">Wenn Sie ein Konto auf dieser Website besitzen oder Kommentare geschrieben haben, k\u00f6nnen Sie einen Export Ihrer personenbezogenen Daten bei uns anfordern, inklusive aller Daten, die Sie uns mitgeteilt haben. Dar\u00fcber hinaus k\u00f6nnen Sie die L\u00f6schung aller personenbezogenen Daten, die wir von Ihnen gespeichert haben, anfordern. Dies umfasst nicht die Daten, die wir aufgrund administrativer, rechtlicher oder sicherheitsrelevanter Notwendigkeiten aufbewahren m\u00fcssen.<\/span><\/p>\n<p><b>SSL-Verschl\u00fcsselung<\/b><\/p>\n<p><span style=\"font-weight: 400;\">Um die Sicherheit Ihrer Daten bei der \u00dcbertragung zu sch\u00fctzen, verwenden wir dem aktuellen Stand der Technik entsprechende Verschl\u00fcsselungsverfahren (z. B. SSL) \u00fcber HTTPS.<\/span><\/p>\n<p><b>\u00c4nderungen<\/b><\/p>\n<p><span style=\"font-weight: 400;\">Wir k\u00f6nnen diese Datenschutzerkl\u00e4rung jederzeit ohne Vorank\u00fcndigung anpassen. Es gilt die jeweils aktuelle, auf unserer Website publizierte Fassung.<\/span><\/p>\n<p><span style=\"font-weight: 400;\">Fragen an den Datenschutzbeauftragten<\/span><\/p>\n<p><span style=\"font-weight: 400;\">Wenn Sie Fragen zum Datenschutz haben, schreiben Sie uns bitte eine E-Mail oder wenden Sie sich direkt an die f\u00fcr den Datenschutz zu Beginn der Datenschutzerkl\u00e4rung aufgef\u00fchrten, verantwortlichen Person in unserer Organisation.<\/span><\/p>\n<p>\u00a0<\/p>\n<h2><span style=\"font-weight: 400; font-size: 24px;\">Verwendung von Cookies<\/span><\/h2>\n<p><span style=\"font-weight: 400;\">Diese Webseite verwendet Cookies. Cookies sind kleine Textdateien, die beim Besuch dieser Website in Ihrem Computer dauerhaft oder tempor\u00e4r gespeichert werden. Zweck der Cookies ist insbesondere die Analyse der Nutzung dieser Website zur statistischen Auswertung sowie f\u00fcr kontinuierliche Verbesserungen. In Ihrem Browser k\u00f6nnen Sie Cookies in den Einstellungen jederzeit ganz oder teilweise deaktivieren. Bei deaktivierten Cookies stehen Ihnen allenfalls nicht mehr alle Funktionen dieser Website zur Verf\u00fcgung.<\/span><\/p>\n<\/div><\/div><\/div><\/div><\/div>","protected":false},"excerpt":{"rendered":"","protected":false},"author":4,"featured_media":0,"parent":0,"menu_order":0,"comment_status":"closed","ping_status":"closed","template":"100-width.php","meta":{"footnotes":""},"class_list":["post-17","page","type-page","status-publish","hentry"],"yoast_head":"<!-- This site is optimized with the Yoast SEO plugin v26.6 - https:\/\/yoast.com\/wordpress\/plugins\/seo\/ -->\n<title>Datenschutzerkl\u00e4rung - Sina Weddings<\/title>\n<meta name=\"robots\" content=\"index, follow, max-snippet:-1, max-image-preview:large, max-video-preview:-1\" \/>\n<link rel=\"canonical\" href=\"https:\/\/sina-weddings.com\/en\/datenschutzerklaerung\/\" \/>\n<meta property=\"og:locale\" content=\"en_US\" \/>\n<meta property=\"og:type\" content=\"article\" \/>\n<meta property=\"og:title\" content=\"Datenschutzerkl\u00e4rung - Sina Weddings\" \/>\n<meta property=\"og:url\" content=\"https:\/\/sina-weddings.com\/en\/datenschutzerklaerung\/\" \/>\n<meta property=\"og:site_name\" content=\"Sina Weddings\" \/>\n<meta property=\"article:modified_time\" content=\"2021-01-19T08:16:00+00:00\" \/>\n<meta name=\"twitter:card\" content=\"summary_large_image\" \/>\n<meta name=\"twitter:label1\" content=\"Est. reading time\" \/>\n\t<meta name=\"twitter:data1\" content=\"9 minutes\" \/>\n<script type=\"application\/ld+json\" class=\"yoast-schema-graph\">{\"@context\":\"https:\/\/schema.org\",\"@graph\":[{\"@type\":\"WebPage\",\"@id\":\"https:\/\/sina-weddings.com\/datenschutzerklaerung\/\",\"url\":\"https:\/\/sina-weddings.com\/datenschutzerklaerung\/\",\"name\":\"Datenschutzerkl\u00e4rung - Sina Weddings\",\"isPartOf\":{\"@id\":\"https:\/\/sina-weddings.com\/#website\"},\"datePublished\":\"2020-06-20T11:56:46+00:00\",\"dateModified\":\"2021-01-19T08:16:00+00:00\",\"breadcrumb\":{\"@id\":\"https:\/\/sina-weddings.com\/datenschutzerklaerung\/#breadcrumb\"},\"inLanguage\":\"en-US\",\"potentialAction\":[{\"@type\":\"ReadAction\",\"target\":[\"https:\/\/sina-weddings.com\/datenschutzerklaerung\/\"]}]},{\"@type\":\"BreadcrumbList\",\"@id\":\"https:\/\/sina-weddings.com\/datenschutzerklaerung\/#breadcrumb\",\"itemListElement\":[{\"@type\":\"ListItem\",\"position\":1,\"name\":\"Home\",\"item\":\"https:\/\/sina-weddings.com\/\"},{\"@type\":\"ListItem\",\"position\":2,\"name\":\"Datenschutzerkl\u00e4rung\"}]},{\"@type\":\"WebSite\",\"@id\":\"https:\/\/sina-weddings.com\/#website\",\"url\":\"https:\/\/sina-weddings.com\/\",\"name\":\"Sina Weddings\",\"description\":\"\",\"potentialAction\":[{\"@type\":\"SearchAction\",\"target\":{\"@type\":\"EntryPoint\",\"urlTemplate\":\"https:\/\/sina-weddings.com\/?s={search_term_string}\"},\"query-input\":{\"@type\":\"PropertyValueSpecification\",\"valueRequired\":true,\"valueName\":\"search_term_string\"}}],\"inLanguage\":\"en-US\"}]}<\/script>\n<!-- \/ Yoast SEO plugin. -->","yoast_head_json":{"title":"Datenschutzerkl\u00e4rung - Sina Weddings","robots":{"index":"index","follow":"follow","max-snippet":"max-snippet:-1","max-image-preview":"max-image-preview:large","max-video-preview":"max-video-preview:-1"},"canonical":"https:\/\/sina-weddings.com\/en\/datenschutzerklaerung\/","og_locale":"en_US","og_type":"article","og_title":"Datenschutzerkl\u00e4rung - Sina Weddings","og_url":"https:\/\/sina-weddings.com\/en\/datenschutzerklaerung\/","og_site_name":"Sina Weddings","article_modified_time":"2021-01-19T08:16:00+00:00","twitter_card":"summary_large_image","twitter_misc":{"Est. reading time":"9 minutes"},"schema":{"@context":"https:\/\/schema.org","@graph":[{"@type":"WebPage","@id":"https:\/\/sina-weddings.com\/datenschutzerklaerung\/","url":"https:\/\/sina-weddings.com\/datenschutzerklaerung\/","name":"Datenschutzerkl\u00e4rung - Sina Weddings","isPartOf":{"@id":"https:\/\/sina-weddings.com\/#website"},"datePublished":"2020-06-20T11:56:46+00:00","dateModified":"2021-01-19T08:16:00+00:00","breadcrumb":{"@id":"https:\/\/sina-weddings.com\/datenschutzerklaerung\/#breadcrumb"},"inLanguage":"en-US","potentialAction":[{"@type":"ReadAction","target":["https:\/\/sina-weddings.com\/datenschutzerklaerung\/"]}]},{"@type":"BreadcrumbList","@id":"https:\/\/sina-weddings.com\/datenschutzerklaerung\/#breadcrumb","itemListElement":[{"@type":"ListItem","position":1,"name":"Home","item":"https:\/\/sina-weddings.com\/"},{"@type":"ListItem","position":2,"name":"Datenschutzerkl\u00e4rung"}]},{"@type":"WebSite","@id":"https:\/\/sina-weddings.com\/#website","url":"https:\/\/sina-weddings.com\/","name":"Sina Weddings","description":"","potentialAction":[{"@type":"SearchAction","target":{"@type":"EntryPoint","urlTemplate":"https:\/\/sina-weddings.com\/?s={search_term_string}"},"query-input":{"@type":"PropertyValueSpecification","valueRequired":true,"valueName":"search_term_string"}}],"inLanguage":"en-US"}]}},"_links":{"self":[{"href":"https:\/\/sina-weddings.com\/en\/wp-json\/wp\/v2\/pages\/17","targetHints":{"allow":["GET"]}}],"collection":[{"href":"https:\/\/sina-weddings.com\/en\/wp-json\/wp\/v2\/pages"}],"about":[{"href":"https:\/\/sina-weddings.com\/en\/wp-json\/wp\/v2\/types\/page"}],"author":[{"embeddable":true,"href":"https:\/\/sina-weddings.com\/en\/wp-json\/wp\/v2\/users\/4"}],"replies":[{"embeddable":true,"href":"https:\/\/sina-weddings.com\/en\/wp-json\/wp\/v2\/comments?post=17"}],"version-history":[{"count":9,"href":"https:\/\/sina-weddings.com\/en\/wp-json\/wp\/v2\/pages\/17\/revisions"}],"predecessor-version":[{"id":1630,"href":"https:\/\/sina-weddings.com\/en\/wp-json\/wp\/v2\/pages\/17\/revisions\/1630"}],"wp:attachment":[{"href":"https:\/\/sina-weddings.com\/en\/wp-json\/wp\/v2\/media?parent=17"}],"curies":[{"name":"wp","href":"https:\/\/api.w.org\/{rel}","templated":true}]}}